{"id":19610,"date":"2025-08-22T13:37:57","date_gmt":"2025-08-22T13:37:57","guid":{"rendered":"https:\/\/ewardsolution.com\/?page_id=19610"},"modified":"2025-08-23T17:30:49","modified_gmt":"2025-08-23T17:30:49","slug":"as-minhas-mensagens","status":"publish","type":"page","link":"https:\/\/ewardsolution.com\/pt\/mis-mensajes\/","title":{"rendered":"As minhas mensagens"},"content":{"rendered":"\t\t<div data-elementor-type=\"wp-page\" data-elementor-id=\"19610\" class=\"elementor elementor-19610\" data-elementor-post-type=\"page\">\n\t\t\t\t<div class=\"elementor-element elementor-element-cf0610d e-flex e-con-boxed e-con e-parent\" data-id=\"cf0610d\" data-element_type=\"container\" data-e-type=\"container\">\n\t\t\t\t\t<div class=\"e-con-inner\">\n\t\t<div class=\"elementor-element elementor-element-4d37a49 e-con-full e-flex e-con e-child\" data-id=\"4d37a49\" data-element_type=\"container\" data-e-type=\"container\">\n\t\t\t\t<div class=\"elementor-element elementor-element-27e18b4 elementor-align-right elementor-widget elementor-widget-button\" data-id=\"27e18b4\" data-element_type=\"widget\" data-e-type=\"widget\" data-widget_type=\"button.default\">\n\t\t\t\t<div class=\"elementor-widget-container\">\n\t\t\t\t\t\t\t\t\t<div class=\"elementor-button-wrapper\">\n\t\t\t\t\t<a class=\"elementor-button elementor-button-link elementor-size-sm elementor-animation-float\" href=\"https:\/\/ewardsolution.com\/area-del-cliente\/\">\n\t\t\t\t\t\t<span class=\"elementor-button-content-wrapper\">\n\t\t\t\t\t\t\t\t\t<span class=\"elementor-button-text\">Volver al Area del Cliente<\/span>\n\t\t\t\t\t<\/span>\n\t\t\t\t\t<\/a>\n\t\t\t\t<\/div>\n\t\t\t\t\t\t\t\t<\/div>\n\t\t\t\t<\/div>\n\t\t\t\t<\/div>\n\t\t\t\t\t<\/div>\n\t\t\t\t<\/div>\n\t\t<div class=\"elementor-element elementor-element-ff557ad e-flex e-con-boxed e-con e-parent\" data-id=\"ff557ad\" data-element_type=\"container\" data-e-type=\"container\" data-settings=\"{&quot;background_background&quot;:&quot;classic&quot;}\">\n\t\t\t\t\t<div class=\"e-con-inner\">\n\t\t\t\t<div class=\"elementor-element elementor-element-0b9da68 elementor-widget__width-initial elementor-widget elementor-widget-shortcode\" data-id=\"0b9da68\" data-element_type=\"widget\" data-e-type=\"widget\" data-widget_type=\"shortcode.default\">\n\t\t\t\t<div class=\"elementor-widget-container\">\n\t\t\t\t\t\t\t<div class=\"elementor-shortcode\">[es_client_nav]<\/div>\n\t\t\t\t\t\t<\/div>\n\t\t\t\t<\/div>\n\t\t\t\t<div class=\"elementor-element elementor-element-8a109cf elementor-widget elementor-widget-shortcode\" data-id=\"8a109cf\" data-element_type=\"widget\" data-e-type=\"widget\" data-widget_type=\"shortcode.default\">\n\t\t\t\t<div class=\"elementor-widget-container\">\n\t\t\t\t\t\t\t<div class=\"elementor-shortcode\">[es_client_messages]\n<\/div>\n\t\t\t\t\t\t<\/div>\n\t\t\t\t<\/div>\n\t\t\t\t\t<\/div>\n\t\t\t\t<\/div>\n\t\t<div class=\"elementor-element elementor-element-10882fc e-flex e-con-boxed e-con e-parent\" data-id=\"10882fc\" data-element_type=\"container\" data-e-type=\"container\">\n\t\t\t\t\t<div class=\"e-con-inner\">\n\t\t\t\t\t<\/div>\n\t\t\t\t<\/div>\n\t\t\t\t<\/div>\n\t\t","protected":false},"excerpt":{"rendered":"<p>Volver al Area del Cliente [es_client_nav][es_client_messages]<\/p>\n","protected":false},"author":1,"featured_media":0,"parent":0,"menu_order":0,"comment_status":"closed","ping_status":"closed","template":"","meta":{"_joinchat":[],"footnotes":""},"class_list":["post-19610","page","type-page","status-publish","hentry"],"jetpack_sharing_enabled":true,"jetpack-related-posts":[{"id":19396,"url":"https:\/\/ewardsolution.com\/pt\/mis-archivos\/","url_meta":{"origin":19610,"position":0},"title":"Os meus arquivos","author":"ES-Ewards","date":"Agosto 16, 2025","format":false,"excerpt":"[es_files_toolbar] Volver al Area del Cliente [es_client_nav] [es_client_files nav=\"0\" toolbar=\"0\"] \u00c1rea para subir tus Archivos [es_client_upload]","rel":"","context":"Similar post","block_context":{"text":"Similar post","link":""},"img":{"alt_text":"","src":"","width":0,"height":0},"classes":[]},{"id":19596,"url":"https:\/\/ewardsolution.com\/pt\/mis-proyectos\/","url_meta":{"origin":19610,"position":1},"title":"Os meus projectos","author":"ES-Ewards","date":"Agosto 22, 2025","format":false,"excerpt":"[es_projects_toolbar] Volver al Area del Cliente [es_client_nav][es_client_projects nav=\"0\" toolbar=\"0\"]","rel":"","context":"Similar post","block_context":{"text":"Similar post","link":""},"img":{"alt_text":"","src":"","width":0,"height":0},"classes":[]},{"id":19378,"url":"https:\/\/ewardsolution.com\/pt\/mis-servicios\/","url_meta":{"origin":19610,"position":2},"title":"Os meus servi\u00e7os","author":"ES-Ewards","date":"Agosto 16, 2025","format":false,"excerpt":"[es_services_toolbar] Volver al Area del Cliente [es_client_nav][es_client_services nav=\"0\" toolbar=\"0\"]","rel":"","context":"Similar post","block_context":{"text":"Similar post","link":""},"img":{"alt_text":"","src":"","width":0,"height":0},"classes":[]},{"id":19348,"url":"https:\/\/ewardsolution.com\/pt\/area-del-cliente\/","url_meta":{"origin":19610,"position":3},"title":"\u00c1rea do cliente","author":"ES-Ewards","date":"Agosto 16, 2025","format":false,"excerpt":"[es_user_avatar] Area de Cli\u00e9nte Facturas Aqu\u00ed ver\u00e1s y descargar\u00e1stus facturas. Ver Facturas Archivos Aqui encontraras tus archivos\u00a0 Ver Archivos Proyectos Aqui encontraras todo sobre\u00a0 tus proyectos\u00a0 Ver Proyectos Mensajes Aqu\u00ed encontrar\u00e1s tus mensajes Ver Mensajes Servicios Aqu\u00ed puedes consultar su servicos activos. Ver Servicios Mi Perfil Aqu\u00ed podr\u00e1s ver tu\u2026","rel":"","context":"Similar post","block_context":{"text":"Similar post","link":""},"img":{"alt_text":"","src":"","width":0,"height":0},"classes":[]},{"id":17039,"url":"https:\/\/ewardsolution.com\/pt\/proyectos-web-desarrollados-por-ewardsolution\/","url_meta":{"origin":19610,"position":4},"title":"projectos de ewardsolution","author":"ES-Ewards","date":"Maio 14, 2025","format":false,"excerpt":"Projectos Web Profissionais no Algarve Desenvolvidos pela EwardSolution Os projectos web desenvolvidos pela EwardSolution s\u00e3o uma demonstra\u00e7\u00e3o do nosso compromisso com o design funcional, moderno e estrat\u00e9gico. Cada website que criamos \u00e9 pensado para melhorar a presen\u00e7a online, otimizar a performance e adaptar-se \u00e0s reais necessidades de cada cliente. ....","rel":"","context":"Similar post","block_context":{"text":"Similar post","link":""},"img":{"alt_text":"Hombre trabajando en una laptop mientras visualiza un portafolio de p\u00e1ginas web en una oficina moderna","src":"https:\/\/i0.wp.com\/ewardsolution.com\/wp-content\/uploads\/2025\/06\/Explora-nuestros-proyectos-web-desarrollados-con-pasion-y-detalle.webp?resize=350%2C200&ssl=1","width":350,"height":200,"srcset":"https:\/\/i0.wp.com\/ewardsolution.com\/wp-content\/uploads\/2025\/06\/Explora-nuestros-proyectos-web-desarrollados-con-pasion-y-detalle.webp?resize=350%2C200&ssl=1 1x, https:\/\/i0.wp.com\/ewardsolution.com\/wp-content\/uploads\/2025\/06\/Explora-nuestros-proyectos-web-desarrollados-con-pasion-y-detalle.webp?resize=525%2C300&ssl=1 1.5x, https:\/\/i0.wp.com\/ewardsolution.com\/wp-content\/uploads\/2025\/06\/Explora-nuestros-proyectos-web-desarrollados-con-pasion-y-detalle.webp?resize=700%2C400&ssl=1 2x, https:\/\/i0.wp.com\/ewardsolution.com\/wp-content\/uploads\/2025\/06\/Explora-nuestros-proyectos-web-desarrollados-con-pasion-y-detalle.webp?resize=1050%2C600&ssl=1 3x, https:\/\/i0.wp.com\/ewardsolution.com\/wp-content\/uploads\/2025\/06\/Explora-nuestros-proyectos-web-desarrollados-con-pasion-y-detalle.webp?resize=1400%2C800&ssl=1 4x"},"classes":[]}],"_links":{"self":[{"href":"https:\/\/ewardsolution.com\/pt\/wp-json\/wp\/v2\/pages\/19610","targetHints":{"allow":["GET"]}}],"collection":[{"href":"https:\/\/ewardsolution.com\/pt\/wp-json\/wp\/v2\/pages"}],"about":[{"href":"https:\/\/ewardsolution.com\/pt\/wp-json\/wp\/v2\/types\/page"}],"author":[{"embeddable":true,"href":"https:\/\/ewardsolution.com\/pt\/wp-json\/wp\/v2\/users\/1"}],"replies":[{"embeddable":true,"href":"https:\/\/ewardsolution.com\/pt\/wp-json\/wp\/v2\/comments?post=19610"}],"version-history":[{"count":0,"href":"https:\/\/ewardsolution.com\/pt\/wp-json\/wp\/v2\/pages\/19610\/revisions"}],"wp:attachment":[{"href":"https:\/\/ewardsolution.com\/pt\/wp-json\/wp\/v2\/media?parent=19610"}],"curies":[{"name":"wp","href":"https:\/\/api.w.org\/{rel}","templated":true}]}}