{"id":15496,"date":"2024-05-06T04:19:48","date_gmt":"2024-05-06T04:19:48","guid":{"rendered":"https:\/\/thepixelcurve.com\/wp\/techwix\/?page_id=3"},"modified":"2025-06-09T13:30:14","modified_gmt":"2025-06-09T13:30:14","slug":"politica-de-privacidade","status":"publish","type":"page","link":"https:\/\/ewardsolution.com\/pt\/politica-de-privacidad\/","title":{"rendered":"Pol\u00edtica de Privacidade"},"content":{"rendered":"<div data-elementor-type=\"wp-page\" data-elementor-id=\"15496\" class=\"elementor elementor-15496\" data-elementor-post-type=\"page\">\n\t\t\t\t\t\t<section class=\"elementor-section elementor-top-section elementor-element elementor-element-a6fd1d8 elementor-section-full_width elementor-section-height-full elementor-section-content-middle elementor-section-height-default elementor-section-items-middle\" data-id=\"a6fd1d8\" data-element_type=\"section\" data-e-type=\"section\" data-settings=\"{&quot;background_background&quot;:&quot;classic&quot;}\">\n\t\t\t\t\t\t\t<div class=\"elementor-background-overlay\"><\/div>\n\t\t\t\t\t\t\t<div class=\"elementor-container elementor-column-gap-no\">\n\t\t\t\t\t<div class=\"elementor-column elementor-col-33 elementor-top-column elementor-element elementor-element-44b3ed40\" data-id=\"44b3ed40\" data-element_type=\"column\" data-e-type=\"column\">\n\t\t\t<div class=\"elementor-widget-wrap\">\n\t\t\t\t\t\t\t<\/div>\n\t\t<\/div>\n\t\t\t\t<div class=\"elementor-column elementor-col-33 elementor-top-column elementor-element elementor-element-76231fc2\" data-id=\"76231fc2\" data-element_type=\"column\" data-e-type=\"column\" data-settings=\"{&quot;background_background&quot;:&quot;classic&quot;}\">\n\t\t\t<div class=\"elementor-widget-wrap elementor-element-populated\">\n\t\t\t\t\t\t<div class=\"elementor-element elementor-element-135abd1d elementor-widget elementor-widget-heading\" data-id=\"135abd1d\" data-element_type=\"widget\" data-e-type=\"widget\" data-widget_type=\"heading.default\">\n\t\t\t\t<div class=\"elementor-widget-container\">\n\t\t\t\t\t<h2 class=\"elementor-heading-title elementor-size-default\">Pol\u00edtica de Privacidade<\/h2>\t\t\t\t<\/div>\n\t\t\t\t<\/div>\n\t\t\t\t\t<\/div>\n\t\t<\/div>\n\t\t\t\t<div class=\"elementor-column elementor-col-33 elementor-top-column elementor-element elementor-element-190537bc\" data-id=\"190537bc\" data-element_type=\"column\" data-e-type=\"column\">\n\t\t\t<div class=\"elementor-widget-wrap\">\n\t\t\t\t\t\t\t<\/div>\n\t\t<\/div>\n\t\t\t\t\t<\/div>\n\t\t<\/section>\n\t\t<div class=\"elementor-element elementor-element-9152946 e-flex e-con-boxed e-con e-parent\" data-id=\"9152946\" data-element_type=\"container\" data-e-type=\"container\">\n\t\t\t\t\t<div class=\"e-con-inner\">\n\t\t\t\t<div class=\"elementor-element elementor-element-69d1d42 elementor-widget elementor-widget-heading\" data-id=\"69d1d42\" data-element_type=\"widget\" data-e-type=\"widget\" data-widget_type=\"heading.default\">\n\t\t\t\t<div class=\"elementor-widget-container\">\n\t\t\t\t\t<h2 class=\"elementor-heading-title elementor-size-default\">Pol\u00edtica de Privacidade<\/h2>\t\t\t\t<\/div>\n\t\t\t\t<\/div>\n\t\t\t\t\t<\/div>\n\t\t\t\t<\/div>\n\t\t<div class=\"elementor-element elementor-element-0f80231 e-flex e-con-boxed e-con e-parent\" data-id=\"0f80231\" data-element_type=\"container\" data-e-type=\"container\">\n\t\t\t\t\t<div class=\"e-con-inner\">\n\t\t\t\t<div class=\"elementor-element elementor-element-f526765 elementor-widget elementor-widget-spacer\" data-id=\"f526765\" data-element_type=\"widget\" data-e-type=\"widget\" data-widget_type=\"spacer.default\">\n\t\t\t\t<div class=\"elementor-widget-container\">\n\t\t\t\t\t\t\t<div class=\"elementor-spacer\">\n\t\t\t<div class=\"elementor-spacer-inner\"><\/div>\n\t\t<\/div>\n\t\t\t\t\t\t<\/div>\n\t\t\t\t<\/div>\n\t\t\t\t<div class=\"elementor-element elementor-element-685b500 elementor-widget elementor-widget-text-editor\" data-id=\"685b500\" data-element_type=\"widget\" data-e-type=\"widget\" data-widget_type=\"text-editor.default\">\n\t\t\t\t<div class=\"elementor-widget-container\">\n\t\t\t\t\t\t\t\t\t<p><strong>\u00daltima atualiza\u00e7\u00e3o:<\/strong> 12 de maio de 2025<\/p><p>Em <strong>EwardSolution<\/strong>Estamos empenhados em proteger a privacidade dos visitantes do nosso s\u00edtio Web. <a href=\"https:\/\/ewardsolution.com\/pt\/\">https:\/\/ewardsolution.com<\/a>. Esta pol\u00edtica explica como recolhemos, utilizamos e protegemos as informa\u00e7\u00f5es pessoais.<\/p><h3>1. informa\u00e7\u00f5es que recolhemos<\/h3><p>Recolhemos os seguintes dados atrav\u00e9s de formul\u00e1rios de contacto e do plugin WhatsApp:<\/p><ul><li><p>Nome<\/p><\/li><li><p>Endere\u00e7o eletr\u00f3nico<\/p><\/li><li><p>N\u00famero de telefone (apenas se fornecido voluntariamente pelo utilizador)<\/p><\/li><li><p>Mensagem ou consulta enviada<\/p><\/li><\/ul><p>Tamb\u00e9m recolhemos informa\u00e7\u00f5es de navega\u00e7\u00e3o automaticamente atrav\u00e9s de cookies (ver \"Pol\u00edtica de cookies\").<\/p><h3>2. Utiliza\u00e7\u00e3o da informa\u00e7\u00e3o<\/h3><p>Utilizamos os dados recolhidos para:<\/p><ul><li><p>Responder a perguntas enviadas atrav\u00e9s do formul\u00e1rio de contacto ou do WhatsApp.<\/p><\/li><li><p>Para melhorar o nosso s\u00edtio Web atrav\u00e9s da an\u00e1lise dos dados de navega\u00e7\u00e3o.<\/p><\/li><li><p>Acompanhamento estat\u00edstico com o Google Analytics (apenas se o utilizador o tiver aceite).<\/p><\/li><\/ul><h3>3. Conserva\u00e7\u00e3o dos dados<\/h3><p>Conservamos os dados pessoais apenas durante o tempo necess\u00e1rio para responder ao pedido de informa\u00e7\u00e3o ou para cumprir as obriga\u00e7\u00f5es legais.<\/p><h3>4. Partilha de informa\u00e7\u00f5es<\/h3><p>N\u00e3o partilhamos os seus dados pessoais com terceiros, exceto quando \u00e9 necess\u00e1rio para cumprir obriga\u00e7\u00f5es legais ou quando utiliza o bot\u00e3o de contacto do WhatsApp (redirecciona-o para a plataforma).<\/p><h3>5. Direitos dos utilizadores<\/h3><p>Tem o direito de:<\/p><ul><li><p>Aceder aos seus dados pessoais.<\/p><\/li><li><p>Retificar dados inexactos.<\/p><\/li><li><p>Solicitar a elimina\u00e7\u00e3o dos seus dados.<\/p><\/li><li><p>Limitar ou opor-se ao tratamento dos seus dados.<\/p><\/li><\/ul><p>O utilizador pode exercer estes direitos escrevendo para: <strong><a href=\"mailto:info@ewardsolution.com\">contact@ewardsolution.com<\/a><\/strong><\/p><h3>6. Seguran\u00e7a<\/h3><p>Implementamos medidas de seguran\u00e7a razo\u00e1veis para proteger os dados do utilizador contra o acesso n\u00e3o autorizado, a altera\u00e7\u00e3o ou a perda.<\/p><h3>7. Altera\u00e7\u00f5es \u00e0 presente pol\u00edtica<\/h3><p>Reservamo-nos o direito de alterar esta pol\u00edtica para estar em conformidade com altera\u00e7\u00f5es na lei ou melhorias no s\u00edtio. Recomendamos que a reveja periodicamente.<\/p><hr \/><p>Se tiver alguma d\u00favida sobre esta pol\u00edtica de privacidade, pode contactar-nos atrav\u00e9s de <strong><a href=\"mailto:info@ewardsolution.com\">contact@ewardsolution.com<\/a><\/strong><\/p>\t\t\t\t\t\t\t\t<\/div>\n\t\t\t\t<\/div>\n\t\t\t\t\t<\/div>\n\t\t\t\t<\/div>\n\t\t\t\t<\/div>","protected":false},"excerpt":{"rendered":"<p>Pol\u00edtica de Privacidade Pol\u00edtica de Privacidade \u00daltima atualiza\u00e7\u00e3o: 12 maio 2025 Na EwardSolution, estamos empenhados em proteger a privacidade dos nossos utilizadores que visitam o nosso website https:\/\/ewardsolution.com. Esta pol\u00edtica explica como recolhemos, usamos e protegemos as informa\u00e7\u00f5es pessoais. 1. informa\u00e7\u00e3o que recolhemos Recolhemos a seguinte informa\u00e7\u00e3o atrav\u00e9s de formul\u00e1rios de contacto e do website contacte-nos.<\/p>","protected":false},"author":1,"featured_media":0,"parent":0,"menu_order":0,"comment_status":"closed","ping_status":"closed","template":"elementor_header_footer","meta":{"_joinchat":[],"footnotes":""},"class_list":["post-15496","page","type-page","status-publish","hentry"],"jetpack_sharing_enabled":true,"jetpack-related-posts":[{"id":16647,"url":"https:\/\/ewardsolution.com\/pt\/politicas-de-cookies\/","url_meta":{"origin":15496,"position":0},"title":"Pol\u00edtica de cookies","author":"ES-Ewards","date":"Maio 12, 2025","format":false,"excerpt":"Pol\u00edtica de Cookies Pol\u00edtica de Cookies Atualizado: 12 maio 2025Este s\u00edtio Web utiliza cookies pr\u00f3prios e de terceiros para melhorar a experi\u00eancia do utilizador, fornecer conte\u00fados adaptados aos seus interesses e analisar o tr\u00e1fego do s\u00edtio.O que s\u00e3o cookies? Os cookies s\u00e3o pequenos ficheiros de texto que s\u00e3o armazenados no seu disco r\u00edgido....","rel":"","context":"Similar post","block_context":{"text":"Similar post","link":""},"img":{"alt_text":"","src":"","width":0,"height":0},"classes":[]},{"id":15500,"url":"https:\/\/ewardsolution.com\/pt\/terminos-y-condiciones\/","url_meta":{"origin":15496,"position":1},"title":"Termos e condi\u00e7\u00f5es","author":"ES-Ewards","date":"Maio 12, 2024","format":false,"excerpt":"Termos e Condi\u00e7\u00f5es Termos e Condi\u00e7\u00f5es de Utiliza\u00e7\u00e3o Data de Vig\u00eancia: 12 de maio de 2025Bem vindo ao website da EwardSolution. Ao aceder e utilizar este website (https:\/\/ewardsolution.com\/), est\u00e1 a concordar com os seguintes termos e condi\u00e7\u00f5es. Se n\u00e3o concordar com algum destes termos, pedimos-lhe que...","rel":"","context":"Similar post","block_context":{"text":"Similar post","link":""},"img":{"alt_text":"","src":"","width":0,"height":0},"classes":[]},{"id":3716,"url":"https:\/\/ewardsolution.com\/pt\/preguntas-frecuentes\/","url_meta":{"origin":15496,"position":2},"title":"FAQ","author":"ES-Ewards","date":"Maio 29, 2024","format":false,"excerpt":"Perguntas frequentes sobre os nossos servi\u00e7os digitais Nesta sec\u00e7\u00e3o de perguntas frequentes, encontrar\u00e1 respostas claras e diretas sobre todos os servi\u00e7os que oferecemos na EwardSolution: desde a cria\u00e7\u00e3o de websites at\u00e9 ao alojamento, posicionamento SEO, desenvolvimento de aplica\u00e7\u00f5es e automatiza\u00e7\u00f5es de intelig\u00eancia artificial. O nosso objetivo \u00e9 ajud\u00e1-lo a compreender cada...","rel":"","context":"Similar post","block_context":{"text":"Similar post","link":""},"img":{"alt_text":"Ilustraci\u00f3n digital de una mujer consultando la secci\u00f3n de preguntas frecuentes","src":"https:\/\/i0.wp.com\/ewardsolution.com\/wp-content\/uploads\/2025\/06\/Preguntas-Frecuentes-sobre-Nuestros-Servicios.webp?resize=350%2C200&ssl=1","width":350,"height":200,"srcset":"https:\/\/i0.wp.com\/ewardsolution.com\/wp-content\/uploads\/2025\/06\/Preguntas-Frecuentes-sobre-Nuestros-Servicios.webp?resize=350%2C200&ssl=1 1x, https:\/\/i0.wp.com\/ewardsolution.com\/wp-content\/uploads\/2025\/06\/Preguntas-Frecuentes-sobre-Nuestros-Servicios.webp?resize=525%2C300&ssl=1 1.5x, https:\/\/i0.wp.com\/ewardsolution.com\/wp-content\/uploads\/2025\/06\/Preguntas-Frecuentes-sobre-Nuestros-Servicios.webp?resize=700%2C400&ssl=1 2x, https:\/\/i0.wp.com\/ewardsolution.com\/wp-content\/uploads\/2025\/06\/Preguntas-Frecuentes-sobre-Nuestros-Servicios.webp?resize=1050%2C600&ssl=1 3x, https:\/\/i0.wp.com\/ewardsolution.com\/wp-content\/uploads\/2025\/06\/Preguntas-Frecuentes-sobre-Nuestros-Servicios.webp?resize=1400%2C800&ssl=1 4x"},"classes":[]},{"id":2846,"url":"https:\/\/ewardsolution.com\/pt\/servicios-web-y-soporte-informatico-en-algarve\/","url_meta":{"origin":15496,"position":3},"title":"Contacto","author":"ES-Ewards","date":"Maio 21, 2024","format":false,"excerpt":"Contacte-nos e fale-nos do seu projeto Servi\u00e7os Web e Suporte Inform\u00e1tico no Algarve Tem d\u00favidas ou quer iniciar o seu pr\u00f3ximo projeto digital? Na EwardSolution oferecemos servi\u00e7os web e suporte inform\u00e1tico no Algarve com rapidez, profissionalismo e aten\u00e7\u00e3o, preencha o formul\u00e1rio ou escreva-nos por WhatsApp, estamos prontos para o ajudar! Descubra...","rel":"","context":"Similar post","block_context":{"text":"Similar post","link":""},"img":{"alt_text":"personal en la oficina con computadores en el area de contacto para nuestros clientes en ewardsolution","src":"https:\/\/i0.wp.com\/ewardsolution.com\/wp-content\/uploads\/2025\/05\/contacto-servicios-web-soporte-informatico-algarve.webp?resize=350%2C200&ssl=1","width":350,"height":200,"srcset":"https:\/\/i0.wp.com\/ewardsolution.com\/wp-content\/uploads\/2025\/05\/contacto-servicios-web-soporte-informatico-algarve.webp?resize=350%2C200&ssl=1 1x, https:\/\/i0.wp.com\/ewardsolution.com\/wp-content\/uploads\/2025\/05\/contacto-servicios-web-soporte-informatico-algarve.webp?resize=525%2C300&ssl=1 1.5x, https:\/\/i0.wp.com\/ewardsolution.com\/wp-content\/uploads\/2025\/05\/contacto-servicios-web-soporte-informatico-algarve.webp?resize=700%2C400&ssl=1 2x, https:\/\/i0.wp.com\/ewardsolution.com\/wp-content\/uploads\/2025\/05\/contacto-servicios-web-soporte-informatico-algarve.webp?resize=1050%2C600&ssl=1 3x, https:\/\/i0.wp.com\/ewardsolution.com\/wp-content\/uploads\/2025\/05\/contacto-servicios-web-soporte-informatico-algarve.webp?resize=1400%2C800&ssl=1 4x"},"classes":[]},{"id":15961,"url":"https:\/\/ewardsolution.com\/pt\/diseno-web-en-wordpress\/","url_meta":{"origin":15496,"position":4},"title":"Servi\u00e7os de Web design","author":"ES-Ewards","date":"Janeiro 23, 2025","format":false,"excerpt":"Web Design WordPress com HTML e CSS personalizados Criamos sites WordPress \u00fanicos, r\u00e1pidos e optimizados, com design personalizado em HTML e CSS. Sem modelos. Sem limites. Fale connosco https:\/\/www.youtube.com\/watch?v=ykk7WK2JE6w Na EwardSolution combinamos o poder do WordPress com a flexibilidade do c\u00f3digo HTML e CSS personalizado para criar sites \u00fanicos, r\u00e1pidos e...","rel":"","context":"Similar post","block_context":{"text":"Similar post","link":""},"img":{"alt_text":"dise\u00f1o web en WordPress- ewardsolution","src":"https:\/\/i0.wp.com\/ewardsolution.com\/wp-content\/uploads\/2025\/06\/Disenador-web-trabajando-en-sitio-WordPress-personalizado-para-empresa-1.webp?resize=350%2C200&ssl=1","width":350,"height":200,"srcset":"https:\/\/i0.wp.com\/ewardsolution.com\/wp-content\/uploads\/2025\/06\/Disenador-web-trabajando-en-sitio-WordPress-personalizado-para-empresa-1.webp?resize=350%2C200&ssl=1 1x, https:\/\/i0.wp.com\/ewardsolution.com\/wp-content\/uploads\/2025\/06\/Disenador-web-trabajando-en-sitio-WordPress-personalizado-para-empresa-1.webp?resize=525%2C300&ssl=1 1.5x, https:\/\/i0.wp.com\/ewardsolution.com\/wp-content\/uploads\/2025\/06\/Disenador-web-trabajando-en-sitio-WordPress-personalizado-para-empresa-1.webp?resize=700%2C400&ssl=1 2x, https:\/\/i0.wp.com\/ewardsolution.com\/wp-content\/uploads\/2025\/06\/Disenador-web-trabajando-en-sitio-WordPress-personalizado-para-empresa-1.webp?resize=1050%2C600&ssl=1 3x, https:\/\/i0.wp.com\/ewardsolution.com\/wp-content\/uploads\/2025\/06\/Disenador-web-trabajando-en-sitio-WordPress-personalizado-para-empresa-1.webp?resize=1400%2C800&ssl=1 4x"},"classes":[]},{"id":17039,"url":"https:\/\/ewardsolution.com\/pt\/proyectos-web-desarrollados-por-ewardsolution\/","url_meta":{"origin":15496,"position":5},"title":"projectos de ewardsolution","author":"ES-Ewards","date":"Maio 14, 2025","format":false,"excerpt":"Projectos Web Profissionais no Algarve Desenvolvidos pela EwardSolution Os projectos web desenvolvidos pela EwardSolution s\u00e3o uma demonstra\u00e7\u00e3o do nosso compromisso com o design funcional, moderno e estrat\u00e9gico. Cada website que criamos \u00e9 pensado para melhorar a presen\u00e7a online, otimizar a performance e adaptar-se \u00e0s reais necessidades de cada cliente. ....","rel":"","context":"Similar post","block_context":{"text":"Similar post","link":""},"img":{"alt_text":"Hombre trabajando en una laptop mientras visualiza un portafolio de p\u00e1ginas web en una oficina moderna","src":"https:\/\/i0.wp.com\/ewardsolution.com\/wp-content\/uploads\/2025\/06\/Explora-nuestros-proyectos-web-desarrollados-con-pasion-y-detalle.webp?resize=350%2C200&ssl=1","width":350,"height":200,"srcset":"https:\/\/i0.wp.com\/ewardsolution.com\/wp-content\/uploads\/2025\/06\/Explora-nuestros-proyectos-web-desarrollados-con-pasion-y-detalle.webp?resize=350%2C200&ssl=1 1x, https:\/\/i0.wp.com\/ewardsolution.com\/wp-content\/uploads\/2025\/06\/Explora-nuestros-proyectos-web-desarrollados-con-pasion-y-detalle.webp?resize=525%2C300&ssl=1 1.5x, https:\/\/i0.wp.com\/ewardsolution.com\/wp-content\/uploads\/2025\/06\/Explora-nuestros-proyectos-web-desarrollados-con-pasion-y-detalle.webp?resize=700%2C400&ssl=1 2x, https:\/\/i0.wp.com\/ewardsolution.com\/wp-content\/uploads\/2025\/06\/Explora-nuestros-proyectos-web-desarrollados-con-pasion-y-detalle.webp?resize=1050%2C600&ssl=1 3x, https:\/\/i0.wp.com\/ewardsolution.com\/wp-content\/uploads\/2025\/06\/Explora-nuestros-proyectos-web-desarrollados-con-pasion-y-detalle.webp?resize=1400%2C800&ssl=1 4x"},"classes":[]}],"_links":{"self":[{"href":"https:\/\/ewardsolution.com\/pt\/wp-json\/wp\/v2\/pages\/15496","targetHints":{"allow":["GET"]}}],"collection":[{"href":"https:\/\/ewardsolution.com\/pt\/wp-json\/wp\/v2\/pages"}],"about":[{"href":"https:\/\/ewardsolution.com\/pt\/wp-json\/wp\/v2\/types\/page"}],"author":[{"embeddable":true,"href":"https:\/\/ewardsolution.com\/pt\/wp-json\/wp\/v2\/users\/1"}],"replies":[{"embeddable":true,"href":"https:\/\/ewardsolution.com\/pt\/wp-json\/wp\/v2\/comments?post=15496"}],"version-history":[{"count":0,"href":"https:\/\/ewardsolution.com\/pt\/wp-json\/wp\/v2\/pages\/15496\/revisions"}],"wp:attachment":[{"href":"https:\/\/ewardsolution.com\/pt\/wp-json\/wp\/v2\/media?parent=15496"}],"curies":[{"name":"wp","href":"https:\/\/api.w.org\/{rel}","templated":true}]}}