{"id":15496,"date":"2024-05-06T04:19:48","date_gmt":"2024-05-06T04:19:48","guid":{"rendered":"https:\/\/thepixelcurve.com\/wp\/techwix\/?page_id=3"},"modified":"2025-06-09T13:30:14","modified_gmt":"2025-06-09T13:30:14","slug":"privacy-policy","status":"publish","type":"page","link":"https:\/\/ewardsolution.com\/en\/politica-de-privacidad\/","title":{"rendered":"Privacy Policy"},"content":{"rendered":"<div data-elementor-type=\"wp-page\" data-elementor-id=\"15496\" class=\"elementor elementor-15496\" data-elementor-post-type=\"page\">\n\t\t\t\t\t\t<section class=\"elementor-section elementor-top-section elementor-element elementor-element-a6fd1d8 elementor-section-full_width elementor-section-height-full elementor-section-content-middle elementor-section-height-default elementor-section-items-middle\" data-id=\"a6fd1d8\" data-element_type=\"section\" data-e-type=\"section\" data-settings=\"{&quot;background_background&quot;:&quot;classic&quot;}\">\n\t\t\t\t\t\t\t<div class=\"elementor-background-overlay\"><\/div>\n\t\t\t\t\t\t\t<div class=\"elementor-container elementor-column-gap-no\">\n\t\t\t\t\t<div class=\"elementor-column elementor-col-33 elementor-top-column elementor-element elementor-element-44b3ed40\" data-id=\"44b3ed40\" data-element_type=\"column\" data-e-type=\"column\">\n\t\t\t<div class=\"elementor-widget-wrap\">\n\t\t\t\t\t\t\t<\/div>\n\t\t<\/div>\n\t\t\t\t<div class=\"elementor-column elementor-col-33 elementor-top-column elementor-element elementor-element-76231fc2\" data-id=\"76231fc2\" data-element_type=\"column\" data-e-type=\"column\" data-settings=\"{&quot;background_background&quot;:&quot;classic&quot;}\">\n\t\t\t<div class=\"elementor-widget-wrap elementor-element-populated\">\n\t\t\t\t\t\t<div class=\"elementor-element elementor-element-135abd1d elementor-widget elementor-widget-heading\" data-id=\"135abd1d\" data-element_type=\"widget\" data-e-type=\"widget\" data-widget_type=\"heading.default\">\n\t\t\t\t<div class=\"elementor-widget-container\">\n\t\t\t\t\t<h2 class=\"elementor-heading-title elementor-size-default\">Privacy Policy<\/h2>\t\t\t\t<\/div>\n\t\t\t\t<\/div>\n\t\t\t\t\t<\/div>\n\t\t<\/div>\n\t\t\t\t<div class=\"elementor-column elementor-col-33 elementor-top-column elementor-element elementor-element-190537bc\" data-id=\"190537bc\" data-element_type=\"column\" data-e-type=\"column\">\n\t\t\t<div class=\"elementor-widget-wrap\">\n\t\t\t\t\t\t\t<\/div>\n\t\t<\/div>\n\t\t\t\t\t<\/div>\n\t\t<\/section>\n\t\t<div class=\"elementor-element elementor-element-9152946 e-flex e-con-boxed e-con e-parent\" data-id=\"9152946\" data-element_type=\"container\" data-e-type=\"container\">\n\t\t\t\t\t<div class=\"e-con-inner\">\n\t\t\t\t<div class=\"elementor-element elementor-element-69d1d42 elementor-widget elementor-widget-heading\" data-id=\"69d1d42\" data-element_type=\"widget\" data-e-type=\"widget\" data-widget_type=\"heading.default\">\n\t\t\t\t<div class=\"elementor-widget-container\">\n\t\t\t\t\t<h2 class=\"elementor-heading-title elementor-size-default\">Privacy Policy<\/h2>\t\t\t\t<\/div>\n\t\t\t\t<\/div>\n\t\t\t\t\t<\/div>\n\t\t\t\t<\/div>\n\t\t<div class=\"elementor-element elementor-element-0f80231 e-flex e-con-boxed e-con e-parent\" data-id=\"0f80231\" data-element_type=\"container\" data-e-type=\"container\">\n\t\t\t\t\t<div class=\"e-con-inner\">\n\t\t\t\t<div class=\"elementor-element elementor-element-f526765 elementor-widget elementor-widget-spacer\" data-id=\"f526765\" data-element_type=\"widget\" data-e-type=\"widget\" data-widget_type=\"spacer.default\">\n\t\t\t\t<div class=\"elementor-widget-container\">\n\t\t\t\t\t\t\t<div class=\"elementor-spacer\">\n\t\t\t<div class=\"elementor-spacer-inner\"><\/div>\n\t\t<\/div>\n\t\t\t\t\t\t<\/div>\n\t\t\t\t<\/div>\n\t\t\t\t<div class=\"elementor-element elementor-element-685b500 elementor-widget elementor-widget-text-editor\" data-id=\"685b500\" data-element_type=\"widget\" data-e-type=\"widget\" data-widget_type=\"text-editor.default\">\n\t\t\t\t<div class=\"elementor-widget-container\">\n\t\t\t\t\t\t\t\t\t<p><strong>Last updated:<\/strong> 12 May 2025<\/p><p>At <strong>EwardSolution<\/strong>We are committed to protecting the privacy of visitors to our website. <a href=\"https:\/\/ewardsolution.com\/en\/\">https:\/\/ewardsolution.com<\/a>. This policy explains how we collect, use and protect personal information.<\/p><h3>1. Information we collect<\/h3><p>We collect the following data via contact forms and the WhatsApp plugin:<\/p><ul><li><p>Name<\/p><\/li><li><p>E-mail address<\/p><\/li><li><p>Telephone number (only if provided voluntarily by the user)<\/p><\/li><li><p>Message or query sent<\/p><\/li><\/ul><p>We also collect browsing information automatically using cookies (see \"Cookie Policy\").<\/p><h3>2. Use of information<\/h3><p>We use the data collected to:<\/p><ul><li><p>Answer queries sent via the contact form or WhatsApp.<\/p><\/li><li><p>To improve our website by analysing browsing data.<\/p><\/li><li><p>Statistical tracking with Google Analytics (only if the user has accepted it).<\/p><\/li><\/ul><h3>3. Data retention<\/h3><p>We retain personal data only for as long as is necessary to respond to the enquiry or to comply with legal obligations.<\/p><h3>4. Information sharing<\/h3><p>We do not share your personal data with third parties, except where necessary to comply with legal obligations or when you use the WhatsApp contact button (redirects you to the platform).<\/p><h3>5. User rights<\/h3><p>You have the right to:<\/p><ul><li><p>Access your personal data.<\/p><\/li><li><p>Rectify inaccurate data.<\/p><\/li><li><p>Request the deletion of your data.<\/p><\/li><li><p>Limit or object to the processing of your data.<\/p><\/li><\/ul><p>You can exercise these rights by writing to: <strong><a href=\"mailto:info@ewardsolution.com\">contact@ewardsolution.com<\/a><\/strong><\/p><h3>6. Security<\/h3><p>We implement reasonable security measures to protect your data from unauthorised access, alteration or loss.<\/p><h3>7. Changes to this policy<\/h3><p>We reserve the right to change this policy to conform to changes in the law or improvements to the site. We encourage you to review it periodically.<\/p><hr \/><p>If you have any questions about this privacy policy, you can contact us at: <strong><a href=\"mailto:info@ewardsolution.com\">contact@ewardsolution.com<\/a><\/strong><\/p>\t\t\t\t\t\t\t\t<\/div>\n\t\t\t\t<\/div>\n\t\t\t\t\t<\/div>\n\t\t\t\t<\/div>\n\t\t\t\t<\/div>","protected":false},"excerpt":{"rendered":"<p>Pol\u00edtica de Privacidad Pol\u00edtica de Privacidad \u00daltima actualizaci\u00f3n: 12 de mayo de 2025 En EwardSolution, nos comprometemos a proteger la privacidad de los usuarios que visitan nuestro sitio web https:\/\/ewardsolution.com. Esta pol\u00edtica explica c\u00f3mo recopilamos, usamos y protegemos la informaci\u00f3n personal. 1. Informaci\u00f3n que recopilamos Recopilamos los siguientes datos mediante formularios de contacto y el&#8230;<\/p>","protected":false},"author":1,"featured_media":0,"parent":0,"menu_order":0,"comment_status":"closed","ping_status":"closed","template":"elementor_header_footer","meta":{"_joinchat":[],"footnotes":""},"class_list":["post-15496","page","type-page","status-publish","hentry"],"jetpack_sharing_enabled":true,"jetpack-related-posts":[{"id":16647,"url":"https:\/\/ewardsolution.com\/en\/politicas-de-cookies\/","url_meta":{"origin":15496,"position":0},"title":"Cookie Policies","author":"ES-Ewards","date":"May 12, 2025","format":false,"excerpt":"Cookie Policy Cookie Policy Updated: 12 May 2025This website uses its own and third party cookies to improve the user experience, provide content tailored to your interests and analyse site traffic.What are cookies? Cookies are small text files that are stored on your hard drive....","rel":"","context":"Similar post","block_context":{"text":"Similar post","link":""},"img":{"alt_text":"","src":"","width":0,"height":0},"classes":[]},{"id":15500,"url":"https:\/\/ewardsolution.com\/en\/terminos-y-condiciones\/","url_meta":{"origin":15496,"position":1},"title":"Terms and Conditions","author":"ES-Ewards","date":"May 12, 2024","format":false,"excerpt":"Terms and Conditions Terms and Conditions of Use Effective Date: 12 May 2025Welcome to the EwardSolution website. By accessing and using this website (https:\/\/ewardsolution.com\/), you agree to the following terms and conditions. If you do not agree to any of these terms, we ask that you...","rel":"","context":"Similar post","block_context":{"text":"Similar post","link":""},"img":{"alt_text":"","src":"","width":0,"height":0},"classes":[]},{"id":3716,"url":"https:\/\/ewardsolution.com\/en\/preguntas-frecuentes\/","url_meta":{"origin":15496,"position":2},"title":"FAQ","author":"ES-Ewards","date":"May 29, 2024","format":false,"excerpt":"Frequently Asked Questions about Our Digital Services In this FAQ section you will find clear and direct answers about all the services we offer at EwardSolution: from website creation to hosting, SEO positioning, app development and artificial intelligence automations. Our goal is to help you understand every...","rel":"","context":"Similar post","block_context":{"text":"Similar post","link":""},"img":{"alt_text":"Ilustraci\u00f3n digital de una mujer consultando la secci\u00f3n de preguntas frecuentes","src":"https:\/\/i0.wp.com\/ewardsolution.com\/wp-content\/uploads\/2025\/06\/Preguntas-Frecuentes-sobre-Nuestros-Servicios.webp?resize=350%2C200&ssl=1","width":350,"height":200,"srcset":"https:\/\/i0.wp.com\/ewardsolution.com\/wp-content\/uploads\/2025\/06\/Preguntas-Frecuentes-sobre-Nuestros-Servicios.webp?resize=350%2C200&ssl=1 1x, https:\/\/i0.wp.com\/ewardsolution.com\/wp-content\/uploads\/2025\/06\/Preguntas-Frecuentes-sobre-Nuestros-Servicios.webp?resize=525%2C300&ssl=1 1.5x, https:\/\/i0.wp.com\/ewardsolution.com\/wp-content\/uploads\/2025\/06\/Preguntas-Frecuentes-sobre-Nuestros-Servicios.webp?resize=700%2C400&ssl=1 2x, https:\/\/i0.wp.com\/ewardsolution.com\/wp-content\/uploads\/2025\/06\/Preguntas-Frecuentes-sobre-Nuestros-Servicios.webp?resize=1050%2C600&ssl=1 3x, https:\/\/i0.wp.com\/ewardsolution.com\/wp-content\/uploads\/2025\/06\/Preguntas-Frecuentes-sobre-Nuestros-Servicios.webp?resize=1400%2C800&ssl=1 4x"},"classes":[]},{"id":2846,"url":"https:\/\/ewardsolution.com\/en\/servicios-web-y-soporte-informatico-en-algarve\/","url_meta":{"origin":15496,"position":3},"title":"Contact","author":"ES-Ewards","date":"May 21, 2024","format":false,"excerpt":"Contact us and tell us about your project Web Services and IT Support in Algarve Do you have questions or want to start your next digital project? At EwardSolution we offer web services and IT support in Algarve with fast, professional and close attention, fill in the form or write us by WhatsApp, we are ready to help you! Discover...","rel":"","context":"Similar post","block_context":{"text":"Similar post","link":""},"img":{"alt_text":"personal en la oficina con computadores en el area de contacto para nuestros clientes en ewardsolution","src":"https:\/\/i0.wp.com\/ewardsolution.com\/wp-content\/uploads\/2025\/05\/contacto-servicios-web-soporte-informatico-algarve.webp?resize=350%2C200&ssl=1","width":350,"height":200,"srcset":"https:\/\/i0.wp.com\/ewardsolution.com\/wp-content\/uploads\/2025\/05\/contacto-servicios-web-soporte-informatico-algarve.webp?resize=350%2C200&ssl=1 1x, https:\/\/i0.wp.com\/ewardsolution.com\/wp-content\/uploads\/2025\/05\/contacto-servicios-web-soporte-informatico-algarve.webp?resize=525%2C300&ssl=1 1.5x, https:\/\/i0.wp.com\/ewardsolution.com\/wp-content\/uploads\/2025\/05\/contacto-servicios-web-soporte-informatico-algarve.webp?resize=700%2C400&ssl=1 2x, https:\/\/i0.wp.com\/ewardsolution.com\/wp-content\/uploads\/2025\/05\/contacto-servicios-web-soporte-informatico-algarve.webp?resize=1050%2C600&ssl=1 3x, https:\/\/i0.wp.com\/ewardsolution.com\/wp-content\/uploads\/2025\/05\/contacto-servicios-web-soporte-informatico-algarve.webp?resize=1400%2C800&ssl=1 4x"},"classes":[]},{"id":15961,"url":"https:\/\/ewardsolution.com\/en\/diseno-web-en-wordpress\/","url_meta":{"origin":15496,"position":4},"title":"Web Design Services","author":"ES-Ewards","date":"January 23, 2025","format":false,"excerpt":"WordPress Web Design with Custom HTML and CSS We create unique, fast and optimised WordPress websites, with custom design in HTML and CSS. No templates. No limits. Let's talk https:\/\/www.youtube.com\/watch?v=ykk7WK2JE6w At EwardSolution we combine the power of WordPress with the flexibility of custom HTML and CSS code to create unique, fast and...","rel":"","context":"Similar post","block_context":{"text":"Similar post","link":""},"img":{"alt_text":"dise\u00f1o web en WordPress- ewardsolution","src":"https:\/\/i0.wp.com\/ewardsolution.com\/wp-content\/uploads\/2025\/06\/Disenador-web-trabajando-en-sitio-WordPress-personalizado-para-empresa-1.webp?resize=350%2C200&ssl=1","width":350,"height":200,"srcset":"https:\/\/i0.wp.com\/ewardsolution.com\/wp-content\/uploads\/2025\/06\/Disenador-web-trabajando-en-sitio-WordPress-personalizado-para-empresa-1.webp?resize=350%2C200&ssl=1 1x, https:\/\/i0.wp.com\/ewardsolution.com\/wp-content\/uploads\/2025\/06\/Disenador-web-trabajando-en-sitio-WordPress-personalizado-para-empresa-1.webp?resize=525%2C300&ssl=1 1.5x, https:\/\/i0.wp.com\/ewardsolution.com\/wp-content\/uploads\/2025\/06\/Disenador-web-trabajando-en-sitio-WordPress-personalizado-para-empresa-1.webp?resize=700%2C400&ssl=1 2x, https:\/\/i0.wp.com\/ewardsolution.com\/wp-content\/uploads\/2025\/06\/Disenador-web-trabajando-en-sitio-WordPress-personalizado-para-empresa-1.webp?resize=1050%2C600&ssl=1 3x, https:\/\/i0.wp.com\/ewardsolution.com\/wp-content\/uploads\/2025\/06\/Disenador-web-trabajando-en-sitio-WordPress-personalizado-para-empresa-1.webp?resize=1400%2C800&ssl=1 4x"},"classes":[]},{"id":17039,"url":"https:\/\/ewardsolution.com\/en\/proyectos-web-desarrollados-por-ewardsolution\/","url_meta":{"origin":15496,"position":5},"title":"EwardSolution Projects","author":"ES-Ewards","date":"May 14, 2025","format":false,"excerpt":"Professional Web Projects in Algarve Developed by EwardSolution Web projects developed by EwardSolution is a demonstration of our commitment to functional, modern and strategic design. Each website we create is designed to improve online presence, optimise performance and adapt to the real needs of each client. ....","rel":"","context":"Similar post","block_context":{"text":"Similar post","link":""},"img":{"alt_text":"Hombre trabajando en una laptop mientras visualiza un portafolio de p\u00e1ginas web en una oficina moderna","src":"https:\/\/i0.wp.com\/ewardsolution.com\/wp-content\/uploads\/2025\/06\/Explora-nuestros-proyectos-web-desarrollados-con-pasion-y-detalle.webp?resize=350%2C200&ssl=1","width":350,"height":200,"srcset":"https:\/\/i0.wp.com\/ewardsolution.com\/wp-content\/uploads\/2025\/06\/Explora-nuestros-proyectos-web-desarrollados-con-pasion-y-detalle.webp?resize=350%2C200&ssl=1 1x, https:\/\/i0.wp.com\/ewardsolution.com\/wp-content\/uploads\/2025\/06\/Explora-nuestros-proyectos-web-desarrollados-con-pasion-y-detalle.webp?resize=525%2C300&ssl=1 1.5x, https:\/\/i0.wp.com\/ewardsolution.com\/wp-content\/uploads\/2025\/06\/Explora-nuestros-proyectos-web-desarrollados-con-pasion-y-detalle.webp?resize=700%2C400&ssl=1 2x, https:\/\/i0.wp.com\/ewardsolution.com\/wp-content\/uploads\/2025\/06\/Explora-nuestros-proyectos-web-desarrollados-con-pasion-y-detalle.webp?resize=1050%2C600&ssl=1 3x, https:\/\/i0.wp.com\/ewardsolution.com\/wp-content\/uploads\/2025\/06\/Explora-nuestros-proyectos-web-desarrollados-con-pasion-y-detalle.webp?resize=1400%2C800&ssl=1 4x"},"classes":[]}],"_links":{"self":[{"href":"https:\/\/ewardsolution.com\/en\/wp-json\/wp\/v2\/pages\/15496","targetHints":{"allow":["GET"]}}],"collection":[{"href":"https:\/\/ewardsolution.com\/en\/wp-json\/wp\/v2\/pages"}],"about":[{"href":"https:\/\/ewardsolution.com\/en\/wp-json\/wp\/v2\/types\/page"}],"author":[{"embeddable":true,"href":"https:\/\/ewardsolution.com\/en\/wp-json\/wp\/v2\/users\/1"}],"replies":[{"embeddable":true,"href":"https:\/\/ewardsolution.com\/en\/wp-json\/wp\/v2\/comments?post=15496"}],"version-history":[{"count":0,"href":"https:\/\/ewardsolution.com\/en\/wp-json\/wp\/v2\/pages\/15496\/revisions"}],"wp:attachment":[{"href":"https:\/\/ewardsolution.com\/en\/wp-json\/wp\/v2\/media?parent=15496"}],"curies":[{"name":"wp","href":"https:\/\/api.w.org\/{rel}","templated":true}]}}